{"id":984,"date":"2021-12-29T01:29:10","date_gmt":"2021-12-29T00:29:10","guid":{"rendered":"https:\/\/afriqueconseil.com\/acinfo\/?page_id=984"},"modified":"2026-02-01T15:46:11","modified_gmt":"2026-02-01T14:46:11","slug":"recrutement-et-conseil-en-recrutement","status":"publish","type":"page","link":"https:\/\/afriqueconseil.com\/acinfo\/recrutement-et-conseil-en-recrutement\/","title":{"rendered":"Recrutement et conseil en recrutement"},"content":{"rendered":"\n<p>Afrique Conseil recherche pour les employeurs des cadres de haut niveau et des cadres interm\u00e9diaires. Selon les besoins du client, nous intervenons au niveau de l\u2019offre d\u2019emploi, de la publicit\u00e9, de la pr\u00e9s\u00e9lection, de la s\u00e9lection sur tests et de l\u2019entretien final. Nous utilisons les m\u00e9thodes de s\u00e9lection, rigoureuses et transparentes, qui sont les plus en vue sur le plan international.<\/p>\n\n\n\n<figure class=\"wp-block-table\"><table><tbody><tr><td><strong>NOTRE ETHIQUE<\/strong><\/td><td><em>Nous partageons fermement le credo selon lequel les hommes constituent le capital le plus pr\u00e9cieux qui soit.<\/em><\/td><\/tr><tr><td><strong>NOS ATOUTS<\/strong><\/td><td>\u2022&nbsp;<em>Une comp\u00e9tence, une personnalit\u00e9, celle du candidat, et une fonction dans l\u2019Institution qui nous confie une mission de conseil en recrutement&nbsp;.<\/em><\/td><\/tr><tr><td><strong>NOS OUTILS<\/strong><\/td><td>\u2022&nbsp;<em>Notre Exp\u00e9rience<\/em><br>\u2022&nbsp;<em>Nos Relations<\/em><br>\u2022&nbsp;<em>Nos r\u00e9f\u00e9rences pour des missions de recrutement de haut niveau et d\u00e9licates.<\/em><\/td><\/tr><tr><td><strong>NOS PRODUITS<\/strong><\/td><td>\u2022&nbsp;<em>Notre site Internet&nbsp;<\/em><strong><em><a href=\"http:\/\/www.afriqueconseil.com\/\">www.afriqueconseil.com<\/a><\/em><\/strong><br>\u2022&nbsp;<em>Notre base de donn\u00e9es<\/em><br>\u2022&nbsp;<em>Notre fichier de comp\u00e9tence.<\/em><\/td><\/tr><tr><td><strong>NOTRE METHODOLOGIE<\/strong><\/td><td>\u2022&nbsp;<em>R\u00e9ponse adapt\u00e9e aux besoins du client&nbsp;;<\/em><br>\u2022&nbsp;<em>Recrutement de personnels de toutes cat\u00e9gories, de tous les niveaux&nbsp;;<\/em><br>\u2022&nbsp;<em>Recherche de candidats au B\u00e9nin et hors du B\u00e9nin&nbsp;;<\/em><br>\u2022&nbsp;<em>Mise \u00e0 disposition et gestion de personnels pour le client&nbsp;;<\/em><br>\u2022&nbsp;<em>Recrutement de personnel temporaire&nbsp;;<\/em><\/td><\/tr><tr><td><strong>NOTRE EQUIPE TECHNIQUE<\/strong><\/td><td><br>\u2022&nbsp;<em>Grande flexibilit\u00e9 et adaptation aux besoins des clients&nbsp;;<\/em><br>\u2022&nbsp;<em>Recrutement de personnels par la m\u00e9thode classique (appel \u00e0 candidature, pr\u00e9s\u00e9lection sur dossier, test de s\u00e9lection, rapport)&nbsp;;<\/em><br>\u2022&nbsp;<em>Test de candidats apr\u00e8s pr\u00e9s\u00e9lection sur dossier par le client&nbsp;;<\/em><br>\u2022&nbsp;<em>Recrutement par tests de candidats situ\u00e9s hors du B\u00e9nin par vid\u00e9o Conf\u00e9rence&nbsp;;<\/em><br>\u2022&nbsp;<em>Recrutement par contact direct type &#8220;chasseur de t\u00eate&#8221;.<\/em><\/td><\/tr><tr><td><\/td><td>\u2022&nbsp;<em>La Directrice&nbsp;G\u00e9n\u00e9rale&nbsp;Adjointes et ses assistants (es) rompus (es) \u00e0 la t\u00e2che&nbsp;;<\/em><br>\u2022&nbsp;<em>Un vaste r\u00e9seau de collaborateurs ext\u00e9rieurs nationaux et internationaux disponibles et performants.<\/em><\/td><\/tr><tr><td><strong>NOS PRIX<\/strong><\/td><td>\u2022&nbsp;<em>Bas\u00e9s sur les salaires des postes recrut\u00e9s&nbsp;;<\/em><br>\u2022&nbsp;<em>N\u00e9gociables selon le nombre et la nature des postes.<\/em><\/td><\/tr><tr><td><strong>NOS DELAIS<\/strong><\/td><td>\u2022&nbsp;<em>Variables en fonction de la nature, du nombre de postes, des proc\u00e9dures&nbsp;;<\/em><br>\u2022&nbsp;<em>Mais toujours \u00e9tudi\u00e9s et r\u00e9ajust\u00e9s en fonction du besoin des clients.<\/em><\/td><\/tr><\/tbody><\/table><\/figure>\n\n\n\n<p><\/p>\n\n\n\n<p>Voici la liste des postes actuellements affich\u00e9s. Contactez nous pour faire rajouter vos noveaux postes<\/p>\n\n\n\n<div class=\"job_listings\" data-location=\"\" data-keywords=\"\" data-show_filters=\"true\" data-show_pagination=\"false\" data-per_page=\"20\" data-orderby=\"featured\" data-order=\"DESC\" data-categories=\"\" data-disable-form-state-storage=\"\" data-featured_first=\"false\" data-post_id=\"984\" >\n<form class=\"job_filters\">\n\t\n\t<div class=\"search_jobs\">\n\t\t\n\t\t<div class=\"search_keywords\">\n\t\t\t<label for=\"search_keywords\">Mots-cl\u00e9s<\/label>\n\t\t\t<input type=\"text\" name=\"search_keywords\" id=\"search_keywords\" placeholder=\"Mots-cl\u00e9s\" value=\"\" \/>\n\t\t<\/div>\n\n\t\t<div class=\"search_location\">\n\t\t\t<label for=\"search_location\">Localisation<\/label>\n\t\t\t<input type=\"text\" name=\"search_location\" id=\"search_location\" placeholder=\"Localisation\" value=\"\" \/>\n\t\t<\/div>\n\n\t\t\t\t\t<div class=\"search_remote_position\">\n\t\t\t\t<input type=\"checkbox\" class=\"input-checkbox\" name=\"remote_position\" id=\"remote_position\" placeholder=\"Localisation\" value=\"1\"  \/>\n\t\t\t\t<label for=\"remote_position\" id=\"remote_position_label\">Postes en t\u00e9l\u00e9travail uniquement<\/label>\n\t\t\t<\/div>\n\t\t\n\t\t<div style=\"clear: both\"><\/div>\n\n\t\t\n\t\t\t\t\t<div class=\"search_submit\">\n\t\t\t\t<input type=\"submit\" value=\"Rechercher des offres d\u2019emploi\">\n\t\t\t<\/div>\n\t\t\n\t\t\t<\/div>\n\n\t\t<ul class=\"job_types\">\n\t\t\t\t\t<li><label for=\"job_type_full-time\" class=\"permanent\"><input type=\"checkbox\" name=\"filter_job_type[]\" value=\"full-time\"  checked='checked' id=\"job_type_full-time\" \/> Permanent<\/label><\/li>\n\t\t\t\t\t<li><label for=\"job_type_freelance\" class=\"pigiste\"><input type=\"checkbox\" name=\"filter_job_type[]\" value=\"freelance\"  checked='checked' id=\"job_type_freelance\" \/> Pigiste<\/label><\/li>\n\t\t\t\t\t<li><label for=\"job_type_internship\" class=\"stagiaire\"><input type=\"checkbox\" name=\"filter_job_type[]\" value=\"internship\"  checked='checked' id=\"job_type_internship\" \/> Stagiaire<\/label><\/li>\n\t\t\t\t\t<li><label for=\"job_type_temporary\" class=\"temporaire\"><input type=\"checkbox\" name=\"filter_job_type[]\" value=\"temporary\"  checked='checked' id=\"job_type_temporary\" \/> Temporaire<\/label><\/li>\n\t\t\t\t\t<li><label for=\"job_type_part-time\" class=\"temps-partiel\"><input type=\"checkbox\" name=\"filter_job_type[]\" value=\"part-time\"  checked='checked' id=\"job_type_part-time\" \/> Temps partiel<\/label><\/li>\n\t\t\t<\/ul>\n\t<input type=\"hidden\" name=\"filter_job_type[]\" value=\"\" \/>\n<div class=\"showing_jobs\"><\/div><\/form>\n\n\n<noscript>Votre navigateur ne supporte pas JavaScript, ou bien JavaScript est d\u00e9sactiv\u00e9. JavaScript doit \u00eatre activ\u00e9 pour pouvoir visualiser des postes.<\/noscript>\n<ul class=\"job_listings\">\n<\/ul>\n<a class=\"load_more_jobs\" href=\"#\" style=\"display:none;\"><strong>Afficher plus d\u2019offres<\/strong><\/a><\/div>\n","protected":false},"excerpt":{"rendered":"<p>Afrique Conseil recherche pour les employeurs des cadres de haut niveau et des cadres interm\u00e9diaires. Selon les besoins du client, nous intervenons au niveau de l\u2019offre d\u2019emploi, de la publicit\u00e9, de la pr\u00e9s\u00e9lection, de la s\u00e9lection sur tests et de l\u2019entretien final. Nous utilisons les m\u00e9thodes de s\u00e9lection, rigoureuses et transparentes, qui sont les plus [&hellip;]<\/p>\n","protected":false},"author":2,"featured_media":0,"parent":0,"menu_order":0,"comment_status":"closed","ping_status":"closed","template":"","meta":{"nf_dc_page":"","footnotes":""},"class_list":["post-984","page","type-page","status-publish","hentry"],"yoast_head":"<!-- This site is optimized with the Yoast SEO plugin v27.5 - https:\/\/yoast.com\/product\/yoast-seo-wordpress\/ -->\n<title>Recrutement et conseil en recrutement - Afriqueconseil.com<\/title>\n<meta name=\"description\" content=\"Cabinet recrutement Benin | Afrique Conseil recrute cadres, managers, techniciens depuis 34 ans. Preselection, tests, entretiens. Consultez offres emploi actuelles ou deposez CV. Expertise RH Cotonou\" \/>\n<meta name=\"robots\" content=\"index, follow, max-snippet:-1, max-image-preview:large, max-video-preview:-1\" \/>\n<link rel=\"canonical\" href=\"https:\/\/afriqueconseil.com\/acinfo\/recrutement-et-conseil-en-recrutement\/\" \/>\n<meta property=\"og:locale\" content=\"fr_FR\" \/>\n<meta property=\"og:type\" content=\"article\" \/>\n<meta property=\"og:title\" content=\"Recrutement et conseil en recrutement - Afriqueconseil.com\" \/>\n<meta property=\"og:description\" content=\"Cabinet recrutement Benin | Afrique Conseil recrute cadres, managers, techniciens depuis 34 ans. Preselection, tests, entretiens. Consultez offres emploi actuelles ou deposez CV. Expertise RH Cotonou\" \/>\n<meta property=\"og:url\" content=\"https:\/\/afriqueconseil.com\/acinfo\/recrutement-et-conseil-en-recrutement\/\" \/>\n<meta property=\"og:site_name\" content=\"Afriqueconseil.com\" \/>\n<meta property=\"article:publisher\" content=\"https:\/\/www.facebook.com\/SocieteAfriqueConseil\/\" \/>\n<meta property=\"article:modified_time\" content=\"2026-02-01T14:46:11+00:00\" \/>\n<meta name=\"twitter:card\" content=\"summary_large_image\" \/>\n<meta name=\"twitter:label1\" content=\"Dur\u00e9e de lecture estim\u00e9e\" \/>\n\t<meta name=\"twitter:data1\" content=\"2 minutes\" \/>\n<script type=\"application\/ld+json\" class=\"yoast-schema-graph\">{\"@context\":\"https:\\\/\\\/schema.org\",\"@graph\":[{\"@type\":\"WebPage\",\"@id\":\"https:\\\/\\\/afriqueconseil.com\\\/acinfo\\\/recrutement-et-conseil-en-recrutement\\\/\",\"url\":\"https:\\\/\\\/afriqueconseil.com\\\/acinfo\\\/recrutement-et-conseil-en-recrutement\\\/\",\"name\":\"Recrutement et conseil en recrutement - Afriqueconseil.com\",\"isPartOf\":{\"@id\":\"https:\\\/\\\/afriqueconseil.com\\\/acinfo\\\/#website\"},\"datePublished\":\"2021-12-29T00:29:10+00:00\",\"dateModified\":\"2026-02-01T14:46:11+00:00\",\"description\":\"Cabinet recrutement Benin | Afrique Conseil recrute cadres, managers, techniciens depuis 34 ans. Preselection, tests, entretiens. Consultez offres emploi actuelles ou deposez CV. Expertise RH Cotonou\",\"breadcrumb\":{\"@id\":\"https:\\\/\\\/afriqueconseil.com\\\/acinfo\\\/recrutement-et-conseil-en-recrutement\\\/#breadcrumb\"},\"inLanguage\":\"fr-FR\",\"potentialAction\":[{\"@type\":\"ReadAction\",\"target\":[\"https:\\\/\\\/afriqueconseil.com\\\/acinfo\\\/recrutement-et-conseil-en-recrutement\\\/\"]}]},{\"@type\":\"BreadcrumbList\",\"@id\":\"https:\\\/\\\/afriqueconseil.com\\\/acinfo\\\/recrutement-et-conseil-en-recrutement\\\/#breadcrumb\",\"itemListElement\":[{\"@type\":\"ListItem\",\"position\":1,\"name\":\"Accueil\",\"item\":\"https:\\\/\\\/afriqueconseil.com\\\/acinfo\\\/\"},{\"@type\":\"ListItem\",\"position\":2,\"name\":\"Recrutement et conseil en recrutement\"}]},{\"@type\":\"WebSite\",\"@id\":\"https:\\\/\\\/afriqueconseil.com\\\/acinfo\\\/#website\",\"url\":\"https:\\\/\\\/afriqueconseil.com\\\/acinfo\\\/\",\"name\":\"Afriqueconseil.com\",\"description\":\"Soci\u00e9t\u00e9 de Recherches, d&#039;\u00c9tudes, de Conseil et de Formation en Marketing et en Management\",\"publisher\":{\"@id\":\"https:\\\/\\\/afriqueconseil.com\\\/acinfo\\\/#organization\"},\"potentialAction\":[{\"@type\":\"SearchAction\",\"target\":{\"@type\":\"EntryPoint\",\"urlTemplate\":\"https:\\\/\\\/afriqueconseil.com\\\/acinfo\\\/?s={search_term_string}\"},\"query-input\":{\"@type\":\"PropertyValueSpecification\",\"valueRequired\":true,\"valueName\":\"search_term_string\"}}],\"inLanguage\":\"fr-FR\"},{\"@type\":\"Organization\",\"@id\":\"https:\\\/\\\/afriqueconseil.com\\\/acinfo\\\/#organization\",\"name\":\"Afrique conseil\",\"url\":\"https:\\\/\\\/afriqueconseil.com\\\/acinfo\\\/\",\"logo\":{\"@type\":\"ImageObject\",\"inLanguage\":\"fr-FR\",\"@id\":\"https:\\\/\\\/afriqueconseil.com\\\/acinfo\\\/#\\\/schema\\\/logo\\\/image\\\/\",\"url\":\"https:\\\/\\\/i0.wp.com\\\/afriqueconseil.com\\\/acinfo\\\/wp-content\\\/uploads\\\/2023\\\/01\\\/cropped-LOGO-AFRIQUE-CONSEIL-TRANSPARENT.png?fit=2060%2C1212&ssl=1\",\"contentUrl\":\"https:\\\/\\\/i0.wp.com\\\/afriqueconseil.com\\\/acinfo\\\/wp-content\\\/uploads\\\/2023\\\/01\\\/cropped-LOGO-AFRIQUE-CONSEIL-TRANSPARENT.png?fit=2060%2C1212&ssl=1\",\"width\":2060,\"height\":1212,\"caption\":\"Afrique conseil\"},\"image\":{\"@id\":\"https:\\\/\\\/afriqueconseil.com\\\/acinfo\\\/#\\\/schema\\\/logo\\\/image\\\/\"},\"sameAs\":[\"https:\\\/\\\/www.facebook.com\\\/SocieteAfriqueConseil\\\/\",\"https:\\\/\\\/www.linkedin.com\\\/company\\\/afrique-conseil\\\/\"]}]}<\/script>\n<!-- \/ Yoast SEO plugin. -->","yoast_head_json":{"title":"Recrutement et conseil en recrutement - Afriqueconseil.com","description":"Cabinet recrutement Benin | Afrique Conseil recrute cadres, managers, techniciens depuis 34 ans. Preselection, tests, entretiens. Consultez offres emploi actuelles ou deposez CV. Expertise RH Cotonou","robots":{"index":"index","follow":"follow","max-snippet":"max-snippet:-1","max-image-preview":"max-image-preview:large","max-video-preview":"max-video-preview:-1"},"canonical":"https:\/\/afriqueconseil.com\/acinfo\/recrutement-et-conseil-en-recrutement\/","og_locale":"fr_FR","og_type":"article","og_title":"Recrutement et conseil en recrutement - Afriqueconseil.com","og_description":"Cabinet recrutement Benin | Afrique Conseil recrute cadres, managers, techniciens depuis 34 ans. Preselection, tests, entretiens. Consultez offres emploi actuelles ou deposez CV. Expertise RH Cotonou","og_url":"https:\/\/afriqueconseil.com\/acinfo\/recrutement-et-conseil-en-recrutement\/","og_site_name":"Afriqueconseil.com","article_publisher":"https:\/\/www.facebook.com\/SocieteAfriqueConseil\/","article_modified_time":"2026-02-01T14:46:11+00:00","twitter_card":"summary_large_image","twitter_misc":{"Dur\u00e9e de lecture estim\u00e9e":"2 minutes"},"schema":{"@context":"https:\/\/schema.org","@graph":[{"@type":"WebPage","@id":"https:\/\/afriqueconseil.com\/acinfo\/recrutement-et-conseil-en-recrutement\/","url":"https:\/\/afriqueconseil.com\/acinfo\/recrutement-et-conseil-en-recrutement\/","name":"Recrutement et conseil en recrutement - Afriqueconseil.com","isPartOf":{"@id":"https:\/\/afriqueconseil.com\/acinfo\/#website"},"datePublished":"2021-12-29T00:29:10+00:00","dateModified":"2026-02-01T14:46:11+00:00","description":"Cabinet recrutement Benin | Afrique Conseil recrute cadres, managers, techniciens depuis 34 ans. Preselection, tests, entretiens. Consultez offres emploi actuelles ou deposez CV. Expertise RH Cotonou","breadcrumb":{"@id":"https:\/\/afriqueconseil.com\/acinfo\/recrutement-et-conseil-en-recrutement\/#breadcrumb"},"inLanguage":"fr-FR","potentialAction":[{"@type":"ReadAction","target":["https:\/\/afriqueconseil.com\/acinfo\/recrutement-et-conseil-en-recrutement\/"]}]},{"@type":"BreadcrumbList","@id":"https:\/\/afriqueconseil.com\/acinfo\/recrutement-et-conseil-en-recrutement\/#breadcrumb","itemListElement":[{"@type":"ListItem","position":1,"name":"Accueil","item":"https:\/\/afriqueconseil.com\/acinfo\/"},{"@type":"ListItem","position":2,"name":"Recrutement et conseil en recrutement"}]},{"@type":"WebSite","@id":"https:\/\/afriqueconseil.com\/acinfo\/#website","url":"https:\/\/afriqueconseil.com\/acinfo\/","name":"Afriqueconseil.com","description":"Soci\u00e9t\u00e9 de Recherches, d&#039;\u00c9tudes, de Conseil et de Formation en Marketing et en Management","publisher":{"@id":"https:\/\/afriqueconseil.com\/acinfo\/#organization"},"potentialAction":[{"@type":"SearchAction","target":{"@type":"EntryPoint","urlTemplate":"https:\/\/afriqueconseil.com\/acinfo\/?s={search_term_string}"},"query-input":{"@type":"PropertyValueSpecification","valueRequired":true,"valueName":"search_term_string"}}],"inLanguage":"fr-FR"},{"@type":"Organization","@id":"https:\/\/afriqueconseil.com\/acinfo\/#organization","name":"Afrique conseil","url":"https:\/\/afriqueconseil.com\/acinfo\/","logo":{"@type":"ImageObject","inLanguage":"fr-FR","@id":"https:\/\/afriqueconseil.com\/acinfo\/#\/schema\/logo\/image\/","url":"https:\/\/i0.wp.com\/afriqueconseil.com\/acinfo\/wp-content\/uploads\/2023\/01\/cropped-LOGO-AFRIQUE-CONSEIL-TRANSPARENT.png?fit=2060%2C1212&ssl=1","contentUrl":"https:\/\/i0.wp.com\/afriqueconseil.com\/acinfo\/wp-content\/uploads\/2023\/01\/cropped-LOGO-AFRIQUE-CONSEIL-TRANSPARENT.png?fit=2060%2C1212&ssl=1","width":2060,"height":1212,"caption":"Afrique conseil"},"image":{"@id":"https:\/\/afriqueconseil.com\/acinfo\/#\/schema\/logo\/image\/"},"sameAs":["https:\/\/www.facebook.com\/SocieteAfriqueConseil\/","https:\/\/www.linkedin.com\/company\/afrique-conseil\/"]}]}},"jetpack_sharing_enabled":true,"_links":{"self":[{"href":"https:\/\/afriqueconseil.com\/acinfo\/wp-json\/wp\/v2\/pages\/984","targetHints":{"allow":["GET"]}}],"collection":[{"href":"https:\/\/afriqueconseil.com\/acinfo\/wp-json\/wp\/v2\/pages"}],"about":[{"href":"https:\/\/afriqueconseil.com\/acinfo\/wp-json\/wp\/v2\/types\/page"}],"author":[{"embeddable":true,"href":"https:\/\/afriqueconseil.com\/acinfo\/wp-json\/wp\/v2\/users\/2"}],"replies":[{"embeddable":true,"href":"https:\/\/afriqueconseil.com\/acinfo\/wp-json\/wp\/v2\/comments?post=984"}],"version-history":[{"count":1,"href":"https:\/\/afriqueconseil.com\/acinfo\/wp-json\/wp\/v2\/pages\/984\/revisions"}],"predecessor-version":[{"id":1872,"href":"https:\/\/afriqueconseil.com\/acinfo\/wp-json\/wp\/v2\/pages\/984\/revisions\/1872"}],"wp:attachment":[{"href":"https:\/\/afriqueconseil.com\/acinfo\/wp-json\/wp\/v2\/media?parent=984"}],"curies":[{"name":"wp","href":"https:\/\/api.w.org\/{rel}","templated":true}]}}