{"id":98,"date":"2019-08-23T12:28:11","date_gmt":"2019-08-23T06:58:11","guid":{"rendered":"https:\/\/nayrathemes.com\/demo\/pro\/conceptly\/?page_id=98"},"modified":"2022-08-17T06:30:03","modified_gmt":"2022-08-17T05:30:03","slug":"a-propos-de-nous","status":"publish","type":"page","link":"https:\/\/afriqueconseil.com\/acinfo\/a-propos-de-nous\/","title":{"rendered":"A propos de nous"},"content":{"rendered":"","protected":false},"excerpt":{"rendered":"","protected":false},"author":2,"featured_media":0,"parent":0,"menu_order":0,"comment_status":"closed","ping_status":"closed","template":"templates\/template_about.php","meta":{"nf_dc_page":"","footnotes":""},"class_list":["post-98","page","type-page","status-publish","hentry"],"yoast_head":"<!-- This site is optimized with the Yoast SEO plugin v27.5 - https:\/\/yoast.com\/product\/yoast-seo-wordpress\/ -->\n<title>A propos de nous - Afriqueconseil.com<\/title>\n<meta name=\"description\" content=\"Afrique Conseil, c\u2019est une \u00e9quipe pluri disciplinaire d\u2019experts, de consultants, et de formateurs sp\u00e9cialement choisis pour devenir les partenaires de votre performance, que vous soyez une entreprise, un Gouvernement, une organisation internationale ou une personne physique.L\u2019\u00e9quipe Afrique Conseil a \u00e0 sa t\u00eate un Directeur G\u00e9n\u00e9ral, Emmanuel GUIDIBI, d\u00e9tenteur d\u2019un dipl\u00f4me de l\u2019Ecole Sup\u00e9rieure de Commerce et d\u2019Administration des Entreprises d\u2019Amiens (France) et d\u2019un Master of Busines Administration (m.b.a) de l\u2019Ecole des Hautes Etudes Commerciales de Montr\u00e9al(CANADA).\" \/>\n<meta name=\"robots\" content=\"index, follow, max-snippet:-1, max-image-preview:large, max-video-preview:-1\" \/>\n<link rel=\"canonical\" href=\"https:\/\/afriqueconseil.com\/acinfo\/a-propos-de-nous\/\" \/>\n<meta property=\"og:locale\" content=\"fr_FR\" \/>\n<meta property=\"og:type\" content=\"article\" \/>\n<meta property=\"og:title\" content=\"A propos de nous - Afriqueconseil.com\" \/>\n<meta property=\"og:description\" content=\"Afrique Conseil, c\u2019est une \u00e9quipe pluri disciplinaire d\u2019experts, de consultants, et de formateurs sp\u00e9cialement choisis pour devenir les partenaires de votre performance, que vous soyez une entreprise, un Gouvernement, une organisation internationale ou une personne physique.L\u2019\u00e9quipe Afrique Conseil a \u00e0 sa t\u00eate un Directeur G\u00e9n\u00e9ral, Emmanuel GUIDIBI, d\u00e9tenteur d\u2019un dipl\u00f4me de l\u2019Ecole Sup\u00e9rieure de Commerce et d\u2019Administration des Entreprises d\u2019Amiens (France) et d\u2019un Master of Busines Administration (m.b.a) de l\u2019Ecole des Hautes Etudes Commerciales de Montr\u00e9al(CANADA).\" \/>\n<meta property=\"og:url\" content=\"https:\/\/afriqueconseil.com\/acinfo\/a-propos-de-nous\/\" \/>\n<meta property=\"og:site_name\" content=\"Afriqueconseil.com\" \/>\n<meta property=\"article:publisher\" content=\"https:\/\/www.facebook.com\/SocieteAfriqueConseil\/\" \/>\n<meta property=\"article:modified_time\" content=\"2022-08-17T05:30:03+00:00\" \/>\n<meta name=\"twitter:card\" content=\"summary_large_image\" \/>\n<meta name=\"twitter:label1\" content=\"Dur\u00e9e de lecture estim\u00e9e\" \/>\n\t<meta name=\"twitter:data1\" content=\"1 minute\" \/>\n<script type=\"application\/ld+json\" class=\"yoast-schema-graph\">{\"@context\":\"https:\\\/\\\/schema.org\",\"@graph\":[{\"@type\":\"WebPage\",\"@id\":\"https:\\\/\\\/afriqueconseil.com\\\/acinfo\\\/a-propos-de-nous\\\/\",\"url\":\"https:\\\/\\\/afriqueconseil.com\\\/acinfo\\\/a-propos-de-nous\\\/\",\"name\":\"A propos de nous - Afriqueconseil.com\",\"isPartOf\":{\"@id\":\"https:\\\/\\\/afriqueconseil.com\\\/acinfo\\\/#website\"},\"datePublished\":\"2019-08-23T06:58:11+00:00\",\"dateModified\":\"2022-08-17T05:30:03+00:00\",\"description\":\"Afrique Conseil, c\u2019est une \u00e9quipe pluri disciplinaire d\u2019experts, de consultants, et de formateurs sp\u00e9cialement choisis pour devenir les partenaires de votre performance, que vous soyez une entreprise, un Gouvernement, une organisation internationale ou une personne physique.L\u2019\u00e9quipe Afrique Conseil a \u00e0 sa t\u00eate un Directeur G\u00e9n\u00e9ral, Emmanuel GUIDIBI, d\u00e9tenteur d\u2019un dipl\u00f4me de l\u2019Ecole Sup\u00e9rieure de Commerce et d\u2019Administration des Entreprises d\u2019Amiens (France) et d\u2019un Master of Busines Administration (m.b.a) de l\u2019Ecole des Hautes Etudes Commerciales de Montr\u00e9al(CANADA).\",\"breadcrumb\":{\"@id\":\"https:\\\/\\\/afriqueconseil.com\\\/acinfo\\\/a-propos-de-nous\\\/#breadcrumb\"},\"inLanguage\":\"fr-FR\",\"potentialAction\":[{\"@type\":\"ReadAction\",\"target\":[\"https:\\\/\\\/afriqueconseil.com\\\/acinfo\\\/a-propos-de-nous\\\/\"]}]},{\"@type\":\"BreadcrumbList\",\"@id\":\"https:\\\/\\\/afriqueconseil.com\\\/acinfo\\\/a-propos-de-nous\\\/#breadcrumb\",\"itemListElement\":[{\"@type\":\"ListItem\",\"position\":1,\"name\":\"Accueil\",\"item\":\"https:\\\/\\\/afriqueconseil.com\\\/acinfo\\\/\"},{\"@type\":\"ListItem\",\"position\":2,\"name\":\"A propos de nous\"}]},{\"@type\":\"WebSite\",\"@id\":\"https:\\\/\\\/afriqueconseil.com\\\/acinfo\\\/#website\",\"url\":\"https:\\\/\\\/afriqueconseil.com\\\/acinfo\\\/\",\"name\":\"Afriqueconseil.com\",\"description\":\"Soci\u00e9t\u00e9 de Recherches, d&#039;\u00c9tudes, de Conseil et de Formation en Marketing et en Management\",\"publisher\":{\"@id\":\"https:\\\/\\\/afriqueconseil.com\\\/acinfo\\\/#organization\"},\"potentialAction\":[{\"@type\":\"SearchAction\",\"target\":{\"@type\":\"EntryPoint\",\"urlTemplate\":\"https:\\\/\\\/afriqueconseil.com\\\/acinfo\\\/?s={search_term_string}\"},\"query-input\":{\"@type\":\"PropertyValueSpecification\",\"valueRequired\":true,\"valueName\":\"search_term_string\"}}],\"inLanguage\":\"fr-FR\"},{\"@type\":\"Organization\",\"@id\":\"https:\\\/\\\/afriqueconseil.com\\\/acinfo\\\/#organization\",\"name\":\"Afrique conseil\",\"url\":\"https:\\\/\\\/afriqueconseil.com\\\/acinfo\\\/\",\"logo\":{\"@type\":\"ImageObject\",\"inLanguage\":\"fr-FR\",\"@id\":\"https:\\\/\\\/afriqueconseil.com\\\/acinfo\\\/#\\\/schema\\\/logo\\\/image\\\/\",\"url\":\"https:\\\/\\\/i0.wp.com\\\/afriqueconseil.com\\\/acinfo\\\/wp-content\\\/uploads\\\/2023\\\/01\\\/cropped-LOGO-AFRIQUE-CONSEIL-TRANSPARENT.png?fit=2060%2C1212&ssl=1\",\"contentUrl\":\"https:\\\/\\\/i0.wp.com\\\/afriqueconseil.com\\\/acinfo\\\/wp-content\\\/uploads\\\/2023\\\/01\\\/cropped-LOGO-AFRIQUE-CONSEIL-TRANSPARENT.png?fit=2060%2C1212&ssl=1\",\"width\":2060,\"height\":1212,\"caption\":\"Afrique conseil\"},\"image\":{\"@id\":\"https:\\\/\\\/afriqueconseil.com\\\/acinfo\\\/#\\\/schema\\\/logo\\\/image\\\/\"},\"sameAs\":[\"https:\\\/\\\/www.facebook.com\\\/SocieteAfriqueConseil\\\/\",\"https:\\\/\\\/www.linkedin.com\\\/company\\\/afrique-conseil\\\/\"]}]}<\/script>\n<!-- \/ Yoast SEO plugin. -->","yoast_head_json":{"title":"A propos de nous - Afriqueconseil.com","description":"Afrique Conseil, c\u2019est une \u00e9quipe pluri disciplinaire d\u2019experts, de consultants, et de formateurs sp\u00e9cialement choisis pour devenir les partenaires de votre performance, que vous soyez une entreprise, un Gouvernement, une organisation internationale ou une personne physique.L\u2019\u00e9quipe Afrique Conseil a \u00e0 sa t\u00eate un Directeur G\u00e9n\u00e9ral, Emmanuel GUIDIBI, d\u00e9tenteur d\u2019un dipl\u00f4me de l\u2019Ecole Sup\u00e9rieure de Commerce et d\u2019Administration des Entreprises d\u2019Amiens (France) et d\u2019un Master of Busines Administration (m.b.a) de l\u2019Ecole des Hautes Etudes Commerciales de Montr\u00e9al(CANADA).","robots":{"index":"index","follow":"follow","max-snippet":"max-snippet:-1","max-image-preview":"max-image-preview:large","max-video-preview":"max-video-preview:-1"},"canonical":"https:\/\/afriqueconseil.com\/acinfo\/a-propos-de-nous\/","og_locale":"fr_FR","og_type":"article","og_title":"A propos de nous - Afriqueconseil.com","og_description":"Afrique Conseil, c\u2019est une \u00e9quipe pluri disciplinaire d\u2019experts, de consultants, et de formateurs sp\u00e9cialement choisis pour devenir les partenaires de votre performance, que vous soyez une entreprise, un Gouvernement, une organisation internationale ou une personne physique.L\u2019\u00e9quipe Afrique Conseil a \u00e0 sa t\u00eate un Directeur G\u00e9n\u00e9ral, Emmanuel GUIDIBI, d\u00e9tenteur d\u2019un dipl\u00f4me de l\u2019Ecole Sup\u00e9rieure de Commerce et d\u2019Administration des Entreprises d\u2019Amiens (France) et d\u2019un Master of Busines Administration (m.b.a) de l\u2019Ecole des Hautes Etudes Commerciales de Montr\u00e9al(CANADA).","og_url":"https:\/\/afriqueconseil.com\/acinfo\/a-propos-de-nous\/","og_site_name":"Afriqueconseil.com","article_publisher":"https:\/\/www.facebook.com\/SocieteAfriqueConseil\/","article_modified_time":"2022-08-17T05:30:03+00:00","twitter_card":"summary_large_image","twitter_misc":{"Dur\u00e9e de lecture estim\u00e9e":"1 minute"},"schema":{"@context":"https:\/\/schema.org","@graph":[{"@type":"WebPage","@id":"https:\/\/afriqueconseil.com\/acinfo\/a-propos-de-nous\/","url":"https:\/\/afriqueconseil.com\/acinfo\/a-propos-de-nous\/","name":"A propos de nous - Afriqueconseil.com","isPartOf":{"@id":"https:\/\/afriqueconseil.com\/acinfo\/#website"},"datePublished":"2019-08-23T06:58:11+00:00","dateModified":"2022-08-17T05:30:03+00:00","description":"Afrique Conseil, c\u2019est une \u00e9quipe pluri disciplinaire d\u2019experts, de consultants, et de formateurs sp\u00e9cialement choisis pour devenir les partenaires de votre performance, que vous soyez une entreprise, un Gouvernement, une organisation internationale ou une personne physique.L\u2019\u00e9quipe Afrique Conseil a \u00e0 sa t\u00eate un Directeur G\u00e9n\u00e9ral, Emmanuel GUIDIBI, d\u00e9tenteur d\u2019un dipl\u00f4me de l\u2019Ecole Sup\u00e9rieure de Commerce et d\u2019Administration des Entreprises d\u2019Amiens (France) et d\u2019un Master of Busines Administration (m.b.a) de l\u2019Ecole des Hautes Etudes Commerciales de Montr\u00e9al(CANADA).","breadcrumb":{"@id":"https:\/\/afriqueconseil.com\/acinfo\/a-propos-de-nous\/#breadcrumb"},"inLanguage":"fr-FR","potentialAction":[{"@type":"ReadAction","target":["https:\/\/afriqueconseil.com\/acinfo\/a-propos-de-nous\/"]}]},{"@type":"BreadcrumbList","@id":"https:\/\/afriqueconseil.com\/acinfo\/a-propos-de-nous\/#breadcrumb","itemListElement":[{"@type":"ListItem","position":1,"name":"Accueil","item":"https:\/\/afriqueconseil.com\/acinfo\/"},{"@type":"ListItem","position":2,"name":"A propos de nous"}]},{"@type":"WebSite","@id":"https:\/\/afriqueconseil.com\/acinfo\/#website","url":"https:\/\/afriqueconseil.com\/acinfo\/","name":"Afriqueconseil.com","description":"Soci\u00e9t\u00e9 de Recherches, d&#039;\u00c9tudes, de Conseil et de Formation en Marketing et en Management","publisher":{"@id":"https:\/\/afriqueconseil.com\/acinfo\/#organization"},"potentialAction":[{"@type":"SearchAction","target":{"@type":"EntryPoint","urlTemplate":"https:\/\/afriqueconseil.com\/acinfo\/?s={search_term_string}"},"query-input":{"@type":"PropertyValueSpecification","valueRequired":true,"valueName":"search_term_string"}}],"inLanguage":"fr-FR"},{"@type":"Organization","@id":"https:\/\/afriqueconseil.com\/acinfo\/#organization","name":"Afrique conseil","url":"https:\/\/afriqueconseil.com\/acinfo\/","logo":{"@type":"ImageObject","inLanguage":"fr-FR","@id":"https:\/\/afriqueconseil.com\/acinfo\/#\/schema\/logo\/image\/","url":"https:\/\/i0.wp.com\/afriqueconseil.com\/acinfo\/wp-content\/uploads\/2023\/01\/cropped-LOGO-AFRIQUE-CONSEIL-TRANSPARENT.png?fit=2060%2C1212&ssl=1","contentUrl":"https:\/\/i0.wp.com\/afriqueconseil.com\/acinfo\/wp-content\/uploads\/2023\/01\/cropped-LOGO-AFRIQUE-CONSEIL-TRANSPARENT.png?fit=2060%2C1212&ssl=1","width":2060,"height":1212,"caption":"Afrique conseil"},"image":{"@id":"https:\/\/afriqueconseil.com\/acinfo\/#\/schema\/logo\/image\/"},"sameAs":["https:\/\/www.facebook.com\/SocieteAfriqueConseil\/","https:\/\/www.linkedin.com\/company\/afrique-conseil\/"]}]}},"jetpack_sharing_enabled":true,"_links":{"self":[{"href":"https:\/\/afriqueconseil.com\/acinfo\/wp-json\/wp\/v2\/pages\/98","targetHints":{"allow":["GET"]}}],"collection":[{"href":"https:\/\/afriqueconseil.com\/acinfo\/wp-json\/wp\/v2\/pages"}],"about":[{"href":"https:\/\/afriqueconseil.com\/acinfo\/wp-json\/wp\/v2\/types\/page"}],"author":[{"embeddable":true,"href":"https:\/\/afriqueconseil.com\/acinfo\/wp-json\/wp\/v2\/users\/2"}],"replies":[{"embeddable":true,"href":"https:\/\/afriqueconseil.com\/acinfo\/wp-json\/wp\/v2\/comments?post=98"}],"version-history":[{"count":0,"href":"https:\/\/afriqueconseil.com\/acinfo\/wp-json\/wp\/v2\/pages\/98\/revisions"}],"wp:attachment":[{"href":"https:\/\/afriqueconseil.com\/acinfo\/wp-json\/wp\/v2\/media?parent=98"}],"curies":[{"name":"wp","href":"https:\/\/api.w.org\/{rel}","templated":true}]}}