{"id":907,"date":"2021-12-28T20:32:43","date_gmt":"2021-12-28T19:32:43","guid":{"rendered":"https:\/\/afriqueconseil.com\/acinfo\/?page_id=907"},"modified":"2026-02-01T15:46:46","modified_gmt":"2026-02-01T14:46:46","slug":"nos-avis-de-recrutement","status":"publish","type":"page","link":"https:\/\/afriqueconseil.com\/acinfo\/nos-avis-de-recrutement\/","title":{"rendered":"Nos avis de recrutement"},"content":{"rendered":"\n<p>Bienvenue sur notre page de recrutement<\/p>\n\n\n<div class=\"job_listings\" data-location=\"\" data-keywords=\"\" data-show_filters=\"true\" data-show_pagination=\"false\" data-per_page=\"20\" data-orderby=\"featured\" data-order=\"DESC\" data-categories=\"\" data-disable-form-state-storage=\"\" data-featured_first=\"false\" data-post_id=\"907\" >\n<form class=\"job_filters\">\n\t\n\t<div class=\"search_jobs\">\n\t\t\n\t\t<div class=\"search_keywords\">\n\t\t\t<label for=\"search_keywords\">Mots-cl\u00e9s<\/label>\n\t\t\t<input type=\"text\" name=\"search_keywords\" id=\"search_keywords\" placeholder=\"Mots-cl\u00e9s\" value=\"\" \/>\n\t\t<\/div>\n\n\t\t<div class=\"search_location\">\n\t\t\t<label for=\"search_location\">Localisation<\/label>\n\t\t\t<input type=\"text\" name=\"search_location\" id=\"search_location\" placeholder=\"Localisation\" value=\"\" \/>\n\t\t<\/div>\n\n\t\t\t\t\t<div class=\"search_remote_position\">\n\t\t\t\t<input type=\"checkbox\" class=\"input-checkbox\" name=\"remote_position\" id=\"remote_position\" placeholder=\"Localisation\" value=\"1\"  \/>\n\t\t\t\t<label for=\"remote_position\" id=\"remote_position_label\">Postes en t\u00e9l\u00e9travail uniquement<\/label>\n\t\t\t<\/div>\n\t\t\n\t\t<div style=\"clear: both\"><\/div>\n\n\t\t\n\t\t\t\t\t<div class=\"search_submit\">\n\t\t\t\t<input type=\"submit\" value=\"Rechercher des offres d\u2019emploi\">\n\t\t\t<\/div>\n\t\t\n\t\t\t<\/div>\n\n\t\t<ul class=\"job_types\">\n\t\t\t\t\t<li><label for=\"job_type_full-time\" class=\"permanent\"><input type=\"checkbox\" name=\"filter_job_type[]\" value=\"full-time\"  checked='checked' id=\"job_type_full-time\" \/> Permanent<\/label><\/li>\n\t\t\t\t\t<li><label for=\"job_type_freelance\" class=\"pigiste\"><input type=\"checkbox\" name=\"filter_job_type[]\" value=\"freelance\"  checked='checked' id=\"job_type_freelance\" \/> Pigiste<\/label><\/li>\n\t\t\t\t\t<li><label for=\"job_type_internship\" class=\"stagiaire\"><input type=\"checkbox\" name=\"filter_job_type[]\" value=\"internship\"  checked='checked' id=\"job_type_internship\" \/> Stagiaire<\/label><\/li>\n\t\t\t\t\t<li><label for=\"job_type_temporary\" class=\"temporaire\"><input type=\"checkbox\" name=\"filter_job_type[]\" value=\"temporary\"  checked='checked' id=\"job_type_temporary\" \/> Temporaire<\/label><\/li>\n\t\t\t\t\t<li><label for=\"job_type_part-time\" class=\"temps-partiel\"><input type=\"checkbox\" name=\"filter_job_type[]\" value=\"part-time\"  checked='checked' id=\"job_type_part-time\" \/> Temps partiel<\/label><\/li>\n\t\t\t<\/ul>\n\t<input type=\"hidden\" name=\"filter_job_type[]\" value=\"\" \/>\n<div class=\"showing_jobs\"><\/div><\/form>\n\n\n<noscript>Votre navigateur ne supporte pas JavaScript, ou bien JavaScript est d\u00e9sactiv\u00e9. JavaScript doit \u00eatre activ\u00e9 pour pouvoir visualiser des postes.<\/noscript>\n<ul class=\"job_listings\">\n<\/ul>\n<a class=\"load_more_jobs\" href=\"#\" style=\"display:none;\"><strong>Afficher plus d\u2019offres<\/strong><\/a><\/div>\n","protected":false},"excerpt":{"rendered":"<p>Bienvenue sur notre page de recrutement<\/p>\n","protected":false},"author":2,"featured_media":0,"parent":0,"menu_order":0,"comment_status":"closed","ping_status":"closed","template":"","meta":{"nf_dc_page":"","footnotes":""},"class_list":["post-907","page","type-page","status-publish","hentry"],"yoast_head":"<!-- This site is optimized with the Yoast SEO plugin v27.5 - https:\/\/yoast.com\/product\/yoast-seo-wordpress\/ -->\n<title>Nos avis de recrutement - Afriqueconseil.com<\/title>\n<meta name=\"description\" content=\"Offres d&#039;emploi Benin 2026 | Afrique Conseil : consultez nos avis de recrutement actuels. Postes cadres, managers, techniciens specialises a Cotonou et au Benin. Nouvelle offre chaque semaine. Postulez en ligne\" \/>\n<meta name=\"robots\" content=\"index, follow, max-snippet:-1, max-image-preview:large, max-video-preview:-1\" \/>\n<link rel=\"canonical\" href=\"https:\/\/afriqueconseil.com\/acinfo\/nos-avis-de-recrutement\/\" \/>\n<meta property=\"og:locale\" content=\"fr_FR\" \/>\n<meta property=\"og:type\" content=\"article\" \/>\n<meta property=\"og:title\" content=\"Nos avis de recrutement - Afriqueconseil.com\" \/>\n<meta property=\"og:description\" content=\"Offres d&#039;emploi Benin 2026 | Afrique Conseil : consultez nos avis de recrutement actuels. Postes cadres, managers, techniciens specialises a Cotonou et au Benin. Nouvelle offre chaque semaine. Postulez en ligne\" \/>\n<meta property=\"og:url\" content=\"https:\/\/afriqueconseil.com\/acinfo\/nos-avis-de-recrutement\/\" \/>\n<meta property=\"og:site_name\" content=\"Afriqueconseil.com\" \/>\n<meta property=\"article:publisher\" content=\"https:\/\/www.facebook.com\/SocieteAfriqueConseil\/\" \/>\n<meta property=\"article:modified_time\" content=\"2026-02-01T14:46:46+00:00\" \/>\n<meta name=\"twitter:card\" content=\"summary_large_image\" \/>\n<meta name=\"twitter:label1\" content=\"Dur\u00e9e de lecture estim\u00e9e\" \/>\n\t<meta name=\"twitter:data1\" content=\"1 minute\" \/>\n<script type=\"application\/ld+json\" class=\"yoast-schema-graph\">{\"@context\":\"https:\\\/\\\/schema.org\",\"@graph\":[{\"@type\":\"WebPage\",\"@id\":\"https:\\\/\\\/afriqueconseil.com\\\/acinfo\\\/nos-avis-de-recrutement\\\/\",\"url\":\"https:\\\/\\\/afriqueconseil.com\\\/acinfo\\\/nos-avis-de-recrutement\\\/\",\"name\":\"Nos avis de recrutement - Afriqueconseil.com\",\"isPartOf\":{\"@id\":\"https:\\\/\\\/afriqueconseil.com\\\/acinfo\\\/#website\"},\"datePublished\":\"2021-12-28T19:32:43+00:00\",\"dateModified\":\"2026-02-01T14:46:46+00:00\",\"description\":\"Offres d'emploi Benin 2026 | Afrique Conseil : consultez nos avis de recrutement actuels. Postes cadres, managers, techniciens specialises a Cotonou et au Benin. Nouvelle offre chaque semaine. Postulez en ligne\",\"breadcrumb\":{\"@id\":\"https:\\\/\\\/afriqueconseil.com\\\/acinfo\\\/nos-avis-de-recrutement\\\/#breadcrumb\"},\"inLanguage\":\"fr-FR\",\"potentialAction\":[{\"@type\":\"ReadAction\",\"target\":[\"https:\\\/\\\/afriqueconseil.com\\\/acinfo\\\/nos-avis-de-recrutement\\\/\"]}]},{\"@type\":\"BreadcrumbList\",\"@id\":\"https:\\\/\\\/afriqueconseil.com\\\/acinfo\\\/nos-avis-de-recrutement\\\/#breadcrumb\",\"itemListElement\":[{\"@type\":\"ListItem\",\"position\":1,\"name\":\"Accueil\",\"item\":\"https:\\\/\\\/afriqueconseil.com\\\/acinfo\\\/\"},{\"@type\":\"ListItem\",\"position\":2,\"name\":\"Nos avis de recrutement\"}]},{\"@type\":\"WebSite\",\"@id\":\"https:\\\/\\\/afriqueconseil.com\\\/acinfo\\\/#website\",\"url\":\"https:\\\/\\\/afriqueconseil.com\\\/acinfo\\\/\",\"name\":\"Afriqueconseil.com\",\"description\":\"Soci\u00e9t\u00e9 de Recherches, d&#039;\u00c9tudes, de Conseil et de Formation en Marketing et en Management\",\"publisher\":{\"@id\":\"https:\\\/\\\/afriqueconseil.com\\\/acinfo\\\/#organization\"},\"potentialAction\":[{\"@type\":\"SearchAction\",\"target\":{\"@type\":\"EntryPoint\",\"urlTemplate\":\"https:\\\/\\\/afriqueconseil.com\\\/acinfo\\\/?s={search_term_string}\"},\"query-input\":{\"@type\":\"PropertyValueSpecification\",\"valueRequired\":true,\"valueName\":\"search_term_string\"}}],\"inLanguage\":\"fr-FR\"},{\"@type\":\"Organization\",\"@id\":\"https:\\\/\\\/afriqueconseil.com\\\/acinfo\\\/#organization\",\"name\":\"Afrique conseil\",\"url\":\"https:\\\/\\\/afriqueconseil.com\\\/acinfo\\\/\",\"logo\":{\"@type\":\"ImageObject\",\"inLanguage\":\"fr-FR\",\"@id\":\"https:\\\/\\\/afriqueconseil.com\\\/acinfo\\\/#\\\/schema\\\/logo\\\/image\\\/\",\"url\":\"https:\\\/\\\/i0.wp.com\\\/afriqueconseil.com\\\/acinfo\\\/wp-content\\\/uploads\\\/2023\\\/01\\\/cropped-LOGO-AFRIQUE-CONSEIL-TRANSPARENT.png?fit=2060%2C1212&ssl=1\",\"contentUrl\":\"https:\\\/\\\/i0.wp.com\\\/afriqueconseil.com\\\/acinfo\\\/wp-content\\\/uploads\\\/2023\\\/01\\\/cropped-LOGO-AFRIQUE-CONSEIL-TRANSPARENT.png?fit=2060%2C1212&ssl=1\",\"width\":2060,\"height\":1212,\"caption\":\"Afrique conseil\"},\"image\":{\"@id\":\"https:\\\/\\\/afriqueconseil.com\\\/acinfo\\\/#\\\/schema\\\/logo\\\/image\\\/\"},\"sameAs\":[\"https:\\\/\\\/www.facebook.com\\\/SocieteAfriqueConseil\\\/\",\"https:\\\/\\\/www.linkedin.com\\\/company\\\/afrique-conseil\\\/\"]}]}<\/script>\n<!-- \/ Yoast SEO plugin. -->","yoast_head_json":{"title":"Nos avis de recrutement - Afriqueconseil.com","description":"Offres d'emploi Benin 2026 | Afrique Conseil : consultez nos avis de recrutement actuels. Postes cadres, managers, techniciens specialises a Cotonou et au Benin. Nouvelle offre chaque semaine. Postulez en ligne","robots":{"index":"index","follow":"follow","max-snippet":"max-snippet:-1","max-image-preview":"max-image-preview:large","max-video-preview":"max-video-preview:-1"},"canonical":"https:\/\/afriqueconseil.com\/acinfo\/nos-avis-de-recrutement\/","og_locale":"fr_FR","og_type":"article","og_title":"Nos avis de recrutement - Afriqueconseil.com","og_description":"Offres d'emploi Benin 2026 | Afrique Conseil : consultez nos avis de recrutement actuels. Postes cadres, managers, techniciens specialises a Cotonou et au Benin. Nouvelle offre chaque semaine. Postulez en ligne","og_url":"https:\/\/afriqueconseil.com\/acinfo\/nos-avis-de-recrutement\/","og_site_name":"Afriqueconseil.com","article_publisher":"https:\/\/www.facebook.com\/SocieteAfriqueConseil\/","article_modified_time":"2026-02-01T14:46:46+00:00","twitter_card":"summary_large_image","twitter_misc":{"Dur\u00e9e de lecture estim\u00e9e":"1 minute"},"schema":{"@context":"https:\/\/schema.org","@graph":[{"@type":"WebPage","@id":"https:\/\/afriqueconseil.com\/acinfo\/nos-avis-de-recrutement\/","url":"https:\/\/afriqueconseil.com\/acinfo\/nos-avis-de-recrutement\/","name":"Nos avis de recrutement - Afriqueconseil.com","isPartOf":{"@id":"https:\/\/afriqueconseil.com\/acinfo\/#website"},"datePublished":"2021-12-28T19:32:43+00:00","dateModified":"2026-02-01T14:46:46+00:00","description":"Offres d'emploi Benin 2026 | Afrique Conseil : consultez nos avis de recrutement actuels. Postes cadres, managers, techniciens specialises a Cotonou et au Benin. Nouvelle offre chaque semaine. Postulez en ligne","breadcrumb":{"@id":"https:\/\/afriqueconseil.com\/acinfo\/nos-avis-de-recrutement\/#breadcrumb"},"inLanguage":"fr-FR","potentialAction":[{"@type":"ReadAction","target":["https:\/\/afriqueconseil.com\/acinfo\/nos-avis-de-recrutement\/"]}]},{"@type":"BreadcrumbList","@id":"https:\/\/afriqueconseil.com\/acinfo\/nos-avis-de-recrutement\/#breadcrumb","itemListElement":[{"@type":"ListItem","position":1,"name":"Accueil","item":"https:\/\/afriqueconseil.com\/acinfo\/"},{"@type":"ListItem","position":2,"name":"Nos avis de recrutement"}]},{"@type":"WebSite","@id":"https:\/\/afriqueconseil.com\/acinfo\/#website","url":"https:\/\/afriqueconseil.com\/acinfo\/","name":"Afriqueconseil.com","description":"Soci\u00e9t\u00e9 de Recherches, d&#039;\u00c9tudes, de Conseil et de Formation en Marketing et en Management","publisher":{"@id":"https:\/\/afriqueconseil.com\/acinfo\/#organization"},"potentialAction":[{"@type":"SearchAction","target":{"@type":"EntryPoint","urlTemplate":"https:\/\/afriqueconseil.com\/acinfo\/?s={search_term_string}"},"query-input":{"@type":"PropertyValueSpecification","valueRequired":true,"valueName":"search_term_string"}}],"inLanguage":"fr-FR"},{"@type":"Organization","@id":"https:\/\/afriqueconseil.com\/acinfo\/#organization","name":"Afrique conseil","url":"https:\/\/afriqueconseil.com\/acinfo\/","logo":{"@type":"ImageObject","inLanguage":"fr-FR","@id":"https:\/\/afriqueconseil.com\/acinfo\/#\/schema\/logo\/image\/","url":"https:\/\/i0.wp.com\/afriqueconseil.com\/acinfo\/wp-content\/uploads\/2023\/01\/cropped-LOGO-AFRIQUE-CONSEIL-TRANSPARENT.png?fit=2060%2C1212&ssl=1","contentUrl":"https:\/\/i0.wp.com\/afriqueconseil.com\/acinfo\/wp-content\/uploads\/2023\/01\/cropped-LOGO-AFRIQUE-CONSEIL-TRANSPARENT.png?fit=2060%2C1212&ssl=1","width":2060,"height":1212,"caption":"Afrique conseil"},"image":{"@id":"https:\/\/afriqueconseil.com\/acinfo\/#\/schema\/logo\/image\/"},"sameAs":["https:\/\/www.facebook.com\/SocieteAfriqueConseil\/","https:\/\/www.linkedin.com\/company\/afrique-conseil\/"]}]}},"jetpack_sharing_enabled":true,"_links":{"self":[{"href":"https:\/\/afriqueconseil.com\/acinfo\/wp-json\/wp\/v2\/pages\/907","targetHints":{"allow":["GET"]}}],"collection":[{"href":"https:\/\/afriqueconseil.com\/acinfo\/wp-json\/wp\/v2\/pages"}],"about":[{"href":"https:\/\/afriqueconseil.com\/acinfo\/wp-json\/wp\/v2\/types\/page"}],"author":[{"embeddable":true,"href":"https:\/\/afriqueconseil.com\/acinfo\/wp-json\/wp\/v2\/users\/2"}],"replies":[{"embeddable":true,"href":"https:\/\/afriqueconseil.com\/acinfo\/wp-json\/wp\/v2\/comments?post=907"}],"version-history":[{"count":1,"href":"https:\/\/afriqueconseil.com\/acinfo\/wp-json\/wp\/v2\/pages\/907\/revisions"}],"predecessor-version":[{"id":1873,"href":"https:\/\/afriqueconseil.com\/acinfo\/wp-json\/wp\/v2\/pages\/907\/revisions\/1873"}],"wp:attachment":[{"href":"https:\/\/afriqueconseil.com\/acinfo\/wp-json\/wp\/v2\/media?parent=907"}],"curies":[{"name":"wp","href":"https:\/\/api.w.org\/{rel}","templated":true}]}}