{"id":1501,"date":"2023-06-23T03:49:37","date_gmt":"2023-06-23T02:49:37","guid":{"rendered":"https:\/\/afriqueconseil.com\/acinfo\/?page_id=1501"},"modified":"2024-09-04T14:24:41","modified_gmt":"2024-09-04T13:24:41","slug":"reservation-de-salles","status":"publish","type":"page","link":"https:\/\/afriqueconseil.com\/acinfo\/reservation-de-salles\/","title":{"rendered":"R\u00e9servation de salles"},"content":{"rendered":"\n<h2 class=\"wp-block-heading\">Formulaire de r\u00e9servation de salles<\/h2>\n\n\n\n<p class=\"\">Vous cherchez un espace de travail enti\u00e8rement \u00e9quip\u00e9 pour vos formations, vos \u00e9tudes, vos r\u00e9unions et plus encore ? Notre salle informatique au centre-ville de Cotonou, \u00e9quip\u00e9e, s\u00e9curis\u00e9e et accessible 24\/7 est l&#8217;endroit id\u00e9al pour vous ! Avec une capacit\u00e9 de 20 places et plus d&#8217;une dizaine d&#8217;ordinateurs personnels, notre salle est \u00e9quip\u00e9e de tout ce dont vous aurez besoin pour travailler efficacement.<\/p>\n\n\n\n<h2 class=\"wp-block-heading\">Tarif<\/h2>\n\n\n\n<p class=\"\">Semaine de 7h a 20h: 5000F\/h<br>Weekend : 7500 F\/H<br>Nuit: 22h \u00e0 6h: 3000F\/H (24 000 FCFA pour la nuit )<br>Journ\u00e9e enti\u00e8re: 08h \u00e0 20h: 65 000 FCFA<\/p>\n\n\n\n<p class=\"\"><\/p>\n\n\n\n<p class=\"\">Nous sommes l\u00e0 pour vous aider \u00e0 tout moment, avec des tarifs souples qui s&#8217;adaptent \u00e0 vos besoins. R\u00e9servez d\u00e8s maintenant pour vos besoins professionnels et personnels ou contactez-nous pour en savoir plus sur nos services!<\/p>\n\n\n\n<p class=\"\">Veuillez remplir le formulaire suivant pour r\u00e9server. Pri\u00e8re de faire une r\u00e9servation diff\u00e9rente par bloc de temps pour permettre d&#8217;en assurer les disponibilit\u00e9s. Merci<\/p>\n\n\n\n<div class=\"wp-block-booking-booking\"> <div id=\"form_id755778532750\" class=\"wpbc_container wpbc_form wpbc_container_booking_form \" ><form id=\"booking_form1\" class=\"booking_form vertical\" method=\"post\" action=\"\"><div id=\"ajax_respond_insert1\" class=\"ajax_respond_insert\" style=\"display:none;\"><\/div><a name=\"bklnk1\" id=\"bklnk1\"><\/a><div id=\"booking_form_div1\" class=\"booking_form_div\"><style type=\"text\/css\">.wpbc_container_booking_form .block_hints, .wpbc_booking_form_simple.wpbc_form_center .wpbc__form__div .wpbc__row.wpbc_r_calendar, .wpbc_booking_form_simple .wpbc__form__div .wpbc__row:not(.wpbc_r_calendar){max-width:440px;} <\/style>\n<div class=\"wpbc_booking_form_simple \">\n<div class=\"wpbc__row\">\n  <div class=\"wpbc__field\">\n    <div class=\"wpbc_calendar_wraper wpbc_change_over_triangle wpbc_calendar_skin_legacy\"><div class=\"wpbc_cal_container bk_calendar_frame wpbc_no_custom_width  months_num_in_row_ cal_month_num_1 wpbc_timeslot_day_bg_as_available\" style=\"\"><div id=\"calendar_booking1\"  class=\"wpbc_calendar_id_1\" >\t<div class=\"calendar_loader_frame calendar_loader_frame1\"\r\n\t\tdata-wpbc-rid=\"1\"\r\n\t\tdata-wpbc-grace=\"8000\"\r\n\t\tstyle=\"--wpbc-loader-cols: 1;\"\r\n\t>\r\n\t\t<div class=\"calendar_loader_text\">Loading...<\/div>\r\n\t\t<div class=\"calendar_loader_frame__progress_line_container\">\r\n\t\t\t<div class=\"calendar_loader_frame__progress_line\"><\/div>\r\n\t\t<\/div>\r\n\t<\/div>\r\n\t<\/div><\/div><textarea id=\"date_booking1\" name=\"date_booking1\" autocomplete=\"off\" style=\"display:none;\"><\/textarea><div class=\"block_hints datepick \"><div class=\"wpdev_hint_with_text\"><div class=\"\"><div class=\"datepick-inline wpbc_calendar_legend_table_width_height\"><table class=\"datepick wpbc_calendar\" style=\"\"><tbody><tr><td class=\"datepick-days-cell date_available wpbc_calendar_legend_day_cell_height\"><div class=\"wpbc-cell-box\">\t<div class=\"date-cell-content\">\t\t<div class=\"date-content-top\"><\/div>\t\t<a>&nbsp;<\/a>\t\t<div class=\"date-content-bottom\"><\/div>\t<\/div><\/div><\/td><\/tr><\/tbody><\/table><\/div><\/div><div class=\"block_text\">- <\/div><div class=\"block_text\">Disponible<\/div><\/div><div class=\"wpdev_hint_with_text\"><div class=\"\"><div class=\"datepick-inline wpbc_calendar_legend_table_width_height\"><table class=\"datepick wpbc_calendar\" style=\"\"><tbody><tr><td class=\"datepick-days-cell datepick-unselectable date_user_unavailable full_day_booking date_approved wpbc_calendar_legend_day_cell_height\"><div class=\"wpbc-cell-box\">\t<div class=\"date-cell-content\">\t\t<div class=\"date-content-top\"><\/div>\t\t<span>&nbsp;<\/span>\t\t<div class=\"date-content-bottom\"><\/div>\t<\/div><\/div><\/td><\/tr><\/tbody><\/table><\/div><\/div><div class=\"block_text\">- <\/div><div class=\"block_text\">R\u00e9serv\u00e9<\/div><\/div><div class=\"wpdev_hint_with_text\"><div class=\"\"><span class=\" wpbc_timeslot_day_bg_as_available wpbc_change_over_triangle\"><div class=\"datepick-inline wpbc_calendar_legend_table_width_height\"><table class=\"datepick wpbc_calendar\" style=\"\"><tbody><tr><td class=\"datepick-days-cell date_available date2approve timespartly times_clock wpbc_calendar_legend_day_cell_height\"><div class=\"wpbc-cell-box\">\t<div class=\"wpbc-diagonal-el\">\t\t<div class=\"wpbc-co-out\"><svg height=\"100%\" width=\"100%\" viewBox=\"0 0 100 100\" preserveAspectRatio=\"none\"><polygon points=\"0,0 0,99 99,0\"><\/polygon><polygon points=\"0,0 0,100 49,100 49,0\"><\/polygon><\/svg><\/div>\t\t<div class=\"wpbc-co-in\"><svg height=\"100%\" width=\"100%\" viewBox=\"0 0 98 98\" preserveAspectRatio=\"none\"><polygon points=\"0,99 99,99 99,0\"><\/polygon><polygon points=\"50,98 98,98 98,0 50,0\"><\/polygon><\/svg><\/div>\t<\/div>\t<div class=\"date-cell-content\">\t\t<div class=\"date-content-top\"><div class=\"wpbc_time_dots\">\u00b7<\/div><\/div>\t\t<a>&nbsp;<\/a>\t\t<div class=\"date-content-bottom\"><\/div>\t<\/div><\/div><\/td><\/tr><\/tbody><\/table><\/div><\/span><\/div><div class=\"block_text\">- <\/div><div class=\"block_text\">Partiellement r\u00e9serv\u00e9<\/div><\/div><\/div><\/div>\n  <\/div>\n  <div class=\"wpbc__field\">\n<div class=\"wpbc__form__div\">\n\t\t\t<div class=\"wpbc__row\">\n\t\t\t\t<div class=\"wpbc_r_name wpbc__field\"> <label>Nom*<\/label><br><span class=\"wpbc_wrap_text wpdev-form-control-wrap name1\"><input type=\"text\" name=\"name1\" value=\"\" autocomplete=\"name\" class=\"wpdev-validates-as-required\" size=\"40\" \/><\/span> <\/div>\n\t\t\t<\/div>\n\t\t\t<div class=\"wpbc__row\">\n\t\t\t\t<div class=\"wpbc_r_secondname wpbc__field\"> <label>Pr\u00e9nom*<\/label><br><span class=\"wpbc_wrap_text wpdev-form-control-wrap secondname1\"><input type=\"text\" name=\"secondname1\" value=\"\" autocomplete=\"secondname\" class=\"wpdev-validates-as-required\" size=\"40\" \/><\/span> <\/div>\n\t\t\t<\/div>\n\t\t\t<div class=\"wpbc__row\">\n\t\t\t\t<div class=\"wpbc_r_email wpbc__field\"> <label>Email*<\/label><br><span class=\"wpbc_wrap_text wpdev-form-control-wrap email1\"><input type=\"email\" name=\"email1\" value=\"\" autocomplete=\"email\" class=\"wpdev-validates-as-email wpdev-validates-as-required\" size=\"40\" \/><\/span> <\/div>\n\t\t\t<\/div>\n\t\t\t<div class=\"wpbc__row\">\n\t\t\t\t<div class=\"wpbc_r_visitors wpbc__field\"> <label>Nombre de participants*<\/label><br><span class=\"wpbc_wrap_select wpdev-form-control-wrap visitors1\"><select onchange=\"javascript:if(typeof( wpbc_show_cost_hints_after_few_seconds )=='function'){wpbc_show_cost_hints_after_few_seconds(1);}\" name=\"visitors1\" autocomplete=\"visitors\" class=\"wpdev-validates-as-required\"><option value=\"1\">1<\/option><option value=\"2\">2<\/option><option value=\"3\">3<\/option><option value=\"4\">4<\/option><option value=\"5\">5<\/option><option value=\"6\">6<\/option><option value=\"7\">7<\/option><option value=\"8\">8<\/option><option value=\"9\">9<\/option><option value=\"+10\">+10<\/option><\/select><\/span> <\/div>\n\t\t\t<\/div>\n\t\t\t<div class=\"wpbc__row\">\n\t\t\t\t<div class=\"wpbc_r_phone wpbc__field\"> <label>T\u00e9l\u00e9phone*<\/label><br><span class=\"wpbc_wrap_text wpdev-form-control-wrap phone1\"><input type=\"text\" name=\"phone1\" value=\"\" autocomplete=\"phone\" class=\"wpdev-validates-as-required\" size=\"40\" \/><\/span> <\/div>\n\t\t\t<\/div>\n\t\t\t<div class=\"wpbc__row\">\n\t\t\t\t<div class=\"wpbc_r_details wpbc__field\"> <label>Organisation<\/label><br><span class=\"wpbc_wrap_textarea wpdev-form-control-wrap details1\"><textarea name=\"details1\" autocomplete=\"details\"><\/textarea><\/span> <\/div>\n\t\t\t<\/div>\n\t\t\t<div class=\"wpbc__row\">\n\t\t\t\t<div class=\"wpbc_r_rangetime wpbc__field\"> <label>Tranches horaires*<\/label><br><span class=\"wpbc_wrap_select wpdev-form-control-wrap rangetime1\"><select onchange=\"javascript:if(typeof( wpbc_show_cost_hints_after_few_seconds )=='function'){wpbc_show_cost_hints_after_few_seconds(1);}\" name=\"rangetime1\" autocomplete=\"rangetime\" class=\"wpdev-validates-as-required\"><option value=\"07:00 - 08:00\">07:00 AM - 08:00 AM<\/option><option value=\"08:00 - 09:00\">08:00 AM - 09:00 AM<\/option><option value=\"09:00 - 10:00\">9:00 AM - 10:00 AM<\/option><option value=\"10:00 - 11:00\">10:00 AM - 11:00 AM<\/option><option value=\"11:00 - 12:00\">11:00 AM - 12:00 PM (Midi)<\/option><option value=\"12:00 - 13:00\">12:00 PM (Midi) - 1:00 PM<\/option><option value=\"13:00 - 14:00\">1:00 PM - 2:00 PM<\/option><option value=\"14:00 - 15:00\">2:00 PM - 3:00 PM<\/option><option value=\"15:00 - 16:00\">3:00 PM - 4:00 PM<\/option><option value=\"16:00 - 17:00\">4:00 PM - 5:00 PM<\/option><option value=\"17:00 - 18:00\">5:00 PM - 6:00 PM<\/option><option value=\"18:00 - 19:00\">6:00 PM - 7:00 PM<\/option><option value=\"19:00 - 20:00\">07:00 PM - 08:00 PM<\/option><option value=\"00:00 - 23:59\">Journ\u00e9e enti\u00e8re (08:00 AM - 08:00 PM - 65000 FCFA)<\/option><option value=\"22:00 - 06:00\">Nuit enti\u00e8re 10:00 PM - 06:00 AM (24000 FCFA)<\/option><\/select><\/span> <\/div>\n\t\t\t<\/div>\n\t\t\t<div class=\"wpbc__row\">\n\t\t\t\t<div class=\"wpbc_r_captcha wpbc__field\"> <label><\/label><br><span class=\"wpbc_text_captcha_container wpdev-form-control-wrap \"><input  autocomplete=\"off\" type=\"hidden\" name=\"wpdev_captcha_challenge_1\"  id=\"wpdev_captcha_challenge_1\" value=\"665069486\" \/><input  autocomplete=\"off\" type=\"text\" class=\"captachinput\" value=\"\" name=\"captcha_input1\" id=\"captcha_input1\" \/><img data-recalc-dims=\"1\" decoding=\"async\" class=\"captcha_img\"  id=\"captcha_img1\" alt=\"To show CAPTCHA, please deactivate cache plugin or exclude this page from caching or disable CAPTCHA at WP Booking Calendar - Settings General page in Form Options section.\" src=\"https:\/\/i0.wp.com\/afriqueconseil.com\/acinfo\/wp-content\/plugins\/booking\/js\/captcha\/tmp\/665069486.png?w=1170&#038;ssl=1\" \/><\/span> <\/div>\n\t\t\t<\/div>\n\t\t\t<div class=\"wpbc__row\">\n\t\t\t\t<div class=\"wpbc_r_submit wpbc__field\"><input type=\"button\" value=\"Envoyer\" class=\"wpbc_button_light  btn btn\" onclick=\"wpbc_booking_form_submit(this.form,1, 'fr_FR');\" \/> <\/div>\n\t\t\t<\/div>\n<\/div>\n\t<\/div>\n\t<\/div>\n<\/div><input id=\"bk_type1\" name=\"bk_type1\" class=\"\" type=\"hidden\" value=\"1\" \/><\/div><div id=\"submiting1\"><\/div><div class=\"form_bk_messages\" id=\"form_bk_messages1\" ><\/div><input type=\"hidden\" id=\"wpbc_nonceCALCULATE_THE_COST1\" name=\"wpbc_nonceCALCULATE_THE_COST1\" value=\"76c49995a1\" \/><input type=\"hidden\" name=\"_wp_http_referer\" value=\"\/acinfo\/wp-json\/wp\/v2\/pages\/1501\" \/><\/form><\/div><div id=\"booking_form_garbage1\" class=\"booking_form_garbage\"><\/div> <\/div>\n","protected":false},"excerpt":{"rendered":"<p>Formulaire de r\u00e9servation de salles Vous cherchez un espace de travail enti\u00e8rement \u00e9quip\u00e9 pour vos formations, vos \u00e9tudes, vos r\u00e9unions et plus encore ? Notre salle informatique au centre-ville de Cotonou, \u00e9quip\u00e9e, s\u00e9curis\u00e9e et accessible 24\/7 est l&#8217;endroit id\u00e9al pour vous ! Avec une capacit\u00e9 de 20 places et plus d&#8217;une dizaine d&#8217;ordinateurs personnels, notre [&hellip;]<\/p>\n","protected":false},"author":2,"featured_media":0,"parent":0,"menu_order":0,"comment_status":"closed","ping_status":"closed","template":"","meta":{"nf_dc_page":"","footnotes":""},"class_list":["post-1501","page","type-page","status-publish","hentry"],"yoast_head":"<!-- This site is optimized with the Yoast SEO plugin v27.5 - https:\/\/yoast.com\/product\/yoast-seo-wordpress\/ -->\n<title>R\u00e9servation de salles - Afriqueconseil.com<\/title>\n<meta name=\"robots\" content=\"index, follow, max-snippet:-1, max-image-preview:large, max-video-preview:-1\" \/>\n<link rel=\"canonical\" href=\"https:\/\/afriqueconseil.com\/acinfo\/reservation-de-salles\/\" \/>\n<meta property=\"og:locale\" content=\"fr_FR\" \/>\n<meta property=\"og:type\" content=\"article\" \/>\n<meta property=\"og:title\" content=\"R\u00e9servation de salles - Afriqueconseil.com\" \/>\n<meta property=\"og:description\" content=\"Formulaire de r\u00e9servation de salles Vous cherchez un espace de travail enti\u00e8rement \u00e9quip\u00e9 pour vos formations, vos \u00e9tudes, vos r\u00e9unions et plus encore ? Notre salle informatique au centre-ville de Cotonou, \u00e9quip\u00e9e, s\u00e9curis\u00e9e et accessible 24\/7 est l&#8217;endroit id\u00e9al pour vous ! Avec une capacit\u00e9 de 20 places et plus d&#8217;une dizaine d&#8217;ordinateurs personnels, notre [&hellip;]\" \/>\n<meta property=\"og:url\" content=\"https:\/\/afriqueconseil.com\/acinfo\/reservation-de-salles\/\" \/>\n<meta property=\"og:site_name\" content=\"Afriqueconseil.com\" \/>\n<meta property=\"article:publisher\" content=\"https:\/\/www.facebook.com\/SocieteAfriqueConseil\/\" \/>\n<meta property=\"article:modified_time\" content=\"2024-09-04T13:24:41+00:00\" \/>\n<meta name=\"twitter:card\" content=\"summary_large_image\" \/>\n<meta name=\"twitter:label1\" content=\"Dur\u00e9e de lecture estim\u00e9e\" \/>\n\t<meta name=\"twitter:data1\" content=\"1 minute\" \/>\n<script type=\"application\/ld+json\" class=\"yoast-schema-graph\">{\"@context\":\"https:\\\/\\\/schema.org\",\"@graph\":[{\"@type\":\"WebPage\",\"@id\":\"https:\\\/\\\/afriqueconseil.com\\\/acinfo\\\/reservation-de-salles\\\/\",\"url\":\"https:\\\/\\\/afriqueconseil.com\\\/acinfo\\\/reservation-de-salles\\\/\",\"name\":\"R\u00e9servation de salles - Afriqueconseil.com\",\"isPartOf\":{\"@id\":\"https:\\\/\\\/afriqueconseil.com\\\/acinfo\\\/#website\"},\"datePublished\":\"2023-06-23T02:49:37+00:00\",\"dateModified\":\"2024-09-04T13:24:41+00:00\",\"breadcrumb\":{\"@id\":\"https:\\\/\\\/afriqueconseil.com\\\/acinfo\\\/reservation-de-salles\\\/#breadcrumb\"},\"inLanguage\":\"fr-FR\",\"potentialAction\":[{\"@type\":\"ReadAction\",\"target\":[\"https:\\\/\\\/afriqueconseil.com\\\/acinfo\\\/reservation-de-salles\\\/\"]}]},{\"@type\":\"BreadcrumbList\",\"@id\":\"https:\\\/\\\/afriqueconseil.com\\\/acinfo\\\/reservation-de-salles\\\/#breadcrumb\",\"itemListElement\":[{\"@type\":\"ListItem\",\"position\":1,\"name\":\"Accueil\",\"item\":\"https:\\\/\\\/afriqueconseil.com\\\/acinfo\\\/\"},{\"@type\":\"ListItem\",\"position\":2,\"name\":\"R\u00e9servation de salles\"}]},{\"@type\":\"WebSite\",\"@id\":\"https:\\\/\\\/afriqueconseil.com\\\/acinfo\\\/#website\",\"url\":\"https:\\\/\\\/afriqueconseil.com\\\/acinfo\\\/\",\"name\":\"Afriqueconseil.com\",\"description\":\"Soci\u00e9t\u00e9 de Recherches, d&#039;\u00c9tudes, de Conseil et de Formation en Marketing et en Management\",\"publisher\":{\"@id\":\"https:\\\/\\\/afriqueconseil.com\\\/acinfo\\\/#organization\"},\"potentialAction\":[{\"@type\":\"SearchAction\",\"target\":{\"@type\":\"EntryPoint\",\"urlTemplate\":\"https:\\\/\\\/afriqueconseil.com\\\/acinfo\\\/?s={search_term_string}\"},\"query-input\":{\"@type\":\"PropertyValueSpecification\",\"valueRequired\":true,\"valueName\":\"search_term_string\"}}],\"inLanguage\":\"fr-FR\"},{\"@type\":\"Organization\",\"@id\":\"https:\\\/\\\/afriqueconseil.com\\\/acinfo\\\/#organization\",\"name\":\"Afrique conseil\",\"url\":\"https:\\\/\\\/afriqueconseil.com\\\/acinfo\\\/\",\"logo\":{\"@type\":\"ImageObject\",\"inLanguage\":\"fr-FR\",\"@id\":\"https:\\\/\\\/afriqueconseil.com\\\/acinfo\\\/#\\\/schema\\\/logo\\\/image\\\/\",\"url\":\"https:\\\/\\\/i0.wp.com\\\/afriqueconseil.com\\\/acinfo\\\/wp-content\\\/uploads\\\/2023\\\/01\\\/cropped-LOGO-AFRIQUE-CONSEIL-TRANSPARENT.png?fit=2060%2C1212&ssl=1\",\"contentUrl\":\"https:\\\/\\\/i0.wp.com\\\/afriqueconseil.com\\\/acinfo\\\/wp-content\\\/uploads\\\/2023\\\/01\\\/cropped-LOGO-AFRIQUE-CONSEIL-TRANSPARENT.png?fit=2060%2C1212&ssl=1\",\"width\":2060,\"height\":1212,\"caption\":\"Afrique conseil\"},\"image\":{\"@id\":\"https:\\\/\\\/afriqueconseil.com\\\/acinfo\\\/#\\\/schema\\\/logo\\\/image\\\/\"},\"sameAs\":[\"https:\\\/\\\/www.facebook.com\\\/SocieteAfriqueConseil\\\/\",\"https:\\\/\\\/www.linkedin.com\\\/company\\\/afrique-conseil\\\/\"]}]}<\/script>\n<!-- \/ Yoast SEO plugin. -->","yoast_head_json":{"title":"R\u00e9servation de salles - Afriqueconseil.com","robots":{"index":"index","follow":"follow","max-snippet":"max-snippet:-1","max-image-preview":"max-image-preview:large","max-video-preview":"max-video-preview:-1"},"canonical":"https:\/\/afriqueconseil.com\/acinfo\/reservation-de-salles\/","og_locale":"fr_FR","og_type":"article","og_title":"R\u00e9servation de salles - Afriqueconseil.com","og_description":"Formulaire de r\u00e9servation de salles Vous cherchez un espace de travail enti\u00e8rement \u00e9quip\u00e9 pour vos formations, vos \u00e9tudes, vos r\u00e9unions et plus encore ? Notre salle informatique au centre-ville de Cotonou, \u00e9quip\u00e9e, s\u00e9curis\u00e9e et accessible 24\/7 est l&#8217;endroit id\u00e9al pour vous ! Avec une capacit\u00e9 de 20 places et plus d&#8217;une dizaine d&#8217;ordinateurs personnels, notre [&hellip;]","og_url":"https:\/\/afriqueconseil.com\/acinfo\/reservation-de-salles\/","og_site_name":"Afriqueconseil.com","article_publisher":"https:\/\/www.facebook.com\/SocieteAfriqueConseil\/","article_modified_time":"2024-09-04T13:24:41+00:00","twitter_card":"summary_large_image","twitter_misc":{"Dur\u00e9e de lecture estim\u00e9e":"1 minute"},"schema":{"@context":"https:\/\/schema.org","@graph":[{"@type":"WebPage","@id":"https:\/\/afriqueconseil.com\/acinfo\/reservation-de-salles\/","url":"https:\/\/afriqueconseil.com\/acinfo\/reservation-de-salles\/","name":"R\u00e9servation de salles - Afriqueconseil.com","isPartOf":{"@id":"https:\/\/afriqueconseil.com\/acinfo\/#website"},"datePublished":"2023-06-23T02:49:37+00:00","dateModified":"2024-09-04T13:24:41+00:00","breadcrumb":{"@id":"https:\/\/afriqueconseil.com\/acinfo\/reservation-de-salles\/#breadcrumb"},"inLanguage":"fr-FR","potentialAction":[{"@type":"ReadAction","target":["https:\/\/afriqueconseil.com\/acinfo\/reservation-de-salles\/"]}]},{"@type":"BreadcrumbList","@id":"https:\/\/afriqueconseil.com\/acinfo\/reservation-de-salles\/#breadcrumb","itemListElement":[{"@type":"ListItem","position":1,"name":"Accueil","item":"https:\/\/afriqueconseil.com\/acinfo\/"},{"@type":"ListItem","position":2,"name":"R\u00e9servation de salles"}]},{"@type":"WebSite","@id":"https:\/\/afriqueconseil.com\/acinfo\/#website","url":"https:\/\/afriqueconseil.com\/acinfo\/","name":"Afriqueconseil.com","description":"Soci\u00e9t\u00e9 de Recherches, d&#039;\u00c9tudes, de Conseil et de Formation en Marketing et en Management","publisher":{"@id":"https:\/\/afriqueconseil.com\/acinfo\/#organization"},"potentialAction":[{"@type":"SearchAction","target":{"@type":"EntryPoint","urlTemplate":"https:\/\/afriqueconseil.com\/acinfo\/?s={search_term_string}"},"query-input":{"@type":"PropertyValueSpecification","valueRequired":true,"valueName":"search_term_string"}}],"inLanguage":"fr-FR"},{"@type":"Organization","@id":"https:\/\/afriqueconseil.com\/acinfo\/#organization","name":"Afrique conseil","url":"https:\/\/afriqueconseil.com\/acinfo\/","logo":{"@type":"ImageObject","inLanguage":"fr-FR","@id":"https:\/\/afriqueconseil.com\/acinfo\/#\/schema\/logo\/image\/","url":"https:\/\/i0.wp.com\/afriqueconseil.com\/acinfo\/wp-content\/uploads\/2023\/01\/cropped-LOGO-AFRIQUE-CONSEIL-TRANSPARENT.png?fit=2060%2C1212&ssl=1","contentUrl":"https:\/\/i0.wp.com\/afriqueconseil.com\/acinfo\/wp-content\/uploads\/2023\/01\/cropped-LOGO-AFRIQUE-CONSEIL-TRANSPARENT.png?fit=2060%2C1212&ssl=1","width":2060,"height":1212,"caption":"Afrique conseil"},"image":{"@id":"https:\/\/afriqueconseil.com\/acinfo\/#\/schema\/logo\/image\/"},"sameAs":["https:\/\/www.facebook.com\/SocieteAfriqueConseil\/","https:\/\/www.linkedin.com\/company\/afrique-conseil\/"]}]}},"jetpack_sharing_enabled":true,"_links":{"self":[{"href":"https:\/\/afriqueconseil.com\/acinfo\/wp-json\/wp\/v2\/pages\/1501","targetHints":{"allow":["GET"]}}],"collection":[{"href":"https:\/\/afriqueconseil.com\/acinfo\/wp-json\/wp\/v2\/pages"}],"about":[{"href":"https:\/\/afriqueconseil.com\/acinfo\/wp-json\/wp\/v2\/types\/page"}],"author":[{"embeddable":true,"href":"https:\/\/afriqueconseil.com\/acinfo\/wp-json\/wp\/v2\/users\/2"}],"replies":[{"embeddable":true,"href":"https:\/\/afriqueconseil.com\/acinfo\/wp-json\/wp\/v2\/comments?post=1501"}],"version-history":[{"count":5,"href":"https:\/\/afriqueconseil.com\/acinfo\/wp-json\/wp\/v2\/pages\/1501\/revisions"}],"predecessor-version":[{"id":1836,"href":"https:\/\/afriqueconseil.com\/acinfo\/wp-json\/wp\/v2\/pages\/1501\/revisions\/1836"}],"wp:attachment":[{"href":"https:\/\/afriqueconseil.com\/acinfo\/wp-json\/wp\/v2\/media?parent=1501"}],"curies":[{"name":"wp","href":"https:\/\/api.w.org\/{rel}","templated":true}]}}